{"id":154,"date":"2018-05-24T18:22:15","date_gmt":"2018-05-24T18:22:15","guid":{"rendered":"http:\/\/brillant-optik.com\/?page_id=154"},"modified":"2018-05-25T09:20:01","modified_gmt":"2018-05-25T09:20:01","slug":"datenschutzerklaerung","status":"publish","type":"page","link":"https:\/\/brillant-optik.com\/?page_id=154","title":{"rendered":"Datenschutzerkl\u00e4rung"},"content":{"rendered":"<p>&nbsp;<\/p>\n<p>&nbsp;<\/p>\n<p>&nbsp;<\/p>\n<p>&nbsp;<\/p>\n<p><strong>DATENSCHUTZ<\/strong><\/p>\n<p>Der Betreiber dieser Seiten nimmt den Schutz Ihrer pers\u00f6nlichen Daten sehr ernst. Wir behandeln Ihre personenbezogenen Daten vertraulich und entsprechend der gesetzlichen Datenschutzvorschriften sowie dieser Datenschutzerkl\u00e4rung.<\/p>\n<p>Die Nutzung unserer Website ist in der Regel ohne Angabe personenbezogener Daten m\u00f6glich. Soweit auf unseren Seiten personenbezogene Daten (beispielsweise Name, Anschrift oder E-Mail-Adressen) erhoben werden, erfolgt dies, soweit m\u00f6glich, stets auf freiwilliger Basis. Diese Daten werden ohne Ihre ausdr\u00fcckliche Zustimmung nicht an Dritte weitergegeben. Wir weisen darauf hin, dass die Daten\u00fcbertragung im Internet (z.B. bei der Kommunikation per E-Mail) Sicherheitsl\u00fccken aufweisen kann. Ein l\u00fcckenloser Schutz der Daten vor dem Zugriff durch Dritte ist nicht m\u00f6glich.<\/p>\n<p>\u00dcber die bei einem Aufruf unserer Seiten erhobenen Daten wollen wir Sie hier informieren:<\/p>\n<p>&nbsp;<\/p>\n<p><strong>Cookies<\/strong><\/p>\n<p>Die Internetseiten verwenden teilweise so genannte Cookies. Cookies richten auf Ihrem Rechner keinen Schaden an und enthalten keine Viren. Cookies dienen dazu, unser Angebot nutzerfreundlicher, effektiver und sicherer zu machen. Cookies sind kleine Textdateien, die auf Ihrem Rechner abgelegt werden und die Ihr Browser speichert.<\/p>\n<p>Die meisten der von uns verwendeten Cookies sind so genannte \u201eSession-Cookies\u201c. Sie werden nach Ende Ihres Besuchs automatisch gel\u00f6scht. Andere Cookies bleiben auf Ihrem Endger\u00e4t gespeichert, bis Sie diese l\u00f6schen. Diese Cookies erm\u00f6glichen es uns, Ihren Browser beim n\u00e4chsten Besuch wiederzuerkennen. Sie k\u00f6nnen Ihren Browser so einstellen, dass Sie \u00fcber das Setzen von Cookies informiert werden und Cookies nur im Einzelfall erlauben, die Annahme von Cookies f\u00fcr bestimmte F\u00e4lle oder generell ausschlie\u00dfen sowie das automatische L\u00f6schen der Cookies beim Schlie\u00dfen des Browser aktivieren. Bei der Deaktivierung von Cookies kann die Funktionalit\u00e4t dieser Website eingeschr\u00e4nkt sein.<\/p>\n<p>&nbsp;<\/p>\n<p><strong>Server-Log-Files<\/strong><\/p>\n<p>Der Provider der Seiten erhebt und speichert automatisch Informationen in so genannten Server-Log Files, die Ihr Browser automatisch an uns \u00fcbermittelt. Dies sind:<\/p>\n<ul>\n<li>Browsertyp und Browserversion<\/li>\n<li>verwendetes Betriebssystem<\/li>\n<li>Referrer URL<\/li>\n<li>Hostname des zugreifenden Rechners (IP-Adresse)<\/li>\n<li>Uhrzeit der Serveranfrage<\/li>\n<\/ul>\n<p>Diese Daten sind nicht bestimmten Personen zuordenbar. Eine Zusammenf\u00fchrung dieser Daten mit anderen Datenquellen wird nicht vorgenommen. Wir behalten uns vor, diese Daten nachtr\u00e4glich zu pr\u00fcfen, wenn uns konkrete Anhaltspunkte f\u00fcr eine rechtswidrige Nutzung bekannt werden.<\/p>\n<p>&nbsp;<\/p>\n<p><strong>E-Mail<\/strong><\/p>\n<p>Soweit Sie uns eine <strong>E-Mail <\/strong>senden, werden diese Daten ebenfalls zum Zwecke der Bearbeitung gespeichert. Diese Daten unterliegen in jedem Fall dem Datenschutz. Eine Weitergabe der aufgrund der Nutzung dieses Internetangebots anfallenden Daten an Dritte erfolgt in keinem Fall, es sei denn, wir w\u00e4ren hierzu gesetzlich verpflichtet. Grunds\u00e4tzlich nutzen wir die hierbei anfallenden Daten nur in dem hierzu erforderlichen Umfang zur Bearbeitung Ihrer Anfragen und Auftr\u00e4ge.<\/p>\n<p>&nbsp;<\/p>\n<p><strong>SSL-Verschl\u00fcsselung<\/strong><\/p>\n<p>Diese Seite nutzt aus Gr\u00fcnden der Sicherheit und zum Schutz der \u00dcbertragung vertraulicher Inhalte, wie zum Beispiel der Anfragen, die Sie an uns als Seitenbetreiber senden, eine SSL-Verschl\u00fcsselung. Eine verschl\u00fcsselte Verbindung erkennen Sie daran, dass die Adresszeile des Browsers von &#8222;http:\/\/&#8220; auf &#8222;https:\/\/&#8220; wechselt und an dem Schloss-Symbol in Ihrer Browserzeile. Wenn die SSL Verschl\u00fcsselung aktiviert ist, k\u00f6nnen die Daten, die Sie an uns \u00fcbermitteln, nicht von Dritten mitgelesen werden.<\/p>\n<p>&nbsp;<\/p>\n<p><strong>Recht auf Auskunft, L\u00f6schung, Sperrung<\/strong><\/p>\n<p>Sie k\u00f6nnen auf Wunsch selbstverst\u00e4ndlich jederzeit erfahren, welche Daten \u00fcber Sie bei uns gespeichert sind. Au\u00dferdem haben Sie ein Recht auf Berichtigung unrichtiger Daten sowie unter bestimmten Voraussetzungen ein Recht auf Berichtigung, Sperrung oder L\u00f6schung der \u00fcber Sie gespeicherten Daten sowie ein Recht auf Widerspruch und Daten\u00fcbertragbarkeit. Wenn Sie eines dieser\u00a0<strong>Rechte<\/strong>\u00a0wahrnehmen m\u00f6chten, teilen Sie uns dies bitte schriftlich unter der im Impressum angegebenen Adresse mit.<\/p>\n<p>Soweit Sie uns ausdr\u00fccklich oder konkludent eine Einwilligung in die Datenspeicherung erteilt haben, k\u00f6nnen Sie diese Einwilligung jederzeit widerrufen. Der Widerruf l\u00e4sst die Rechtm\u00e4\u00dfigkeit der Erhebung und Verarbeitung Ihrer Daten bis zum Zeitpunkt des Widerrufs unber\u00fchrt.<\/p>\n<p>Daten unserer Kunden bleiben in jedem Fall solange gespeichert, wie die Kundenbeziehung besteht. Nach Ende der Gesch\u00e4ftsbeziehung besteht ggfs. noch eine handelsrechtliche bzw. steuerrechtliche Aufbewahrungspflicht von zehn Jahren; Daten, die einer solchen gesetzlichen Aufbewahrungspflicht unterliegen, werden nach Ablauf dieser Frist gel\u00f6scht.<\/p>\n<p>Sollten Sie Bedenken haben, dass Ihre pers\u00f6nlichen Daten von uns entgegen der geltenden gesetzlichen Regelungen erhoben oder verarbeitet wurden, haben Sie das Recht, Beschwerde bei einer zust\u00e4ndigen Aufsichtsbeh\u00f6rde einzureichen.<\/p>\n<p>&nbsp;<\/p>\n<p><strong>Widerspruch Werbe-Mails<\/strong><\/p>\n<p>Der Nutzung von im Rahmen der Impressumspflicht ver\u00f6ffentlichten Kontaktdaten zur \u00dcbersendung von nicht ausdr\u00fccklich angeforderter Werbung und Informationsmaterialien wird hiermit widersprochen. Die Betreiber der Seiten behalten sich ausdr\u00fccklich rechtliche Schritte im Falle der unverlangten Zusendung von Werbeinformationen, etwa durch Spam-E-Mails, vor.<\/p>\n","protected":false},"excerpt":{"rendered":"<p>&nbsp; &nbsp; &nbsp; &nbsp; DATENSCHUTZ Der Betreiber dieser Seiten nimmt den Schutz Ihrer pers\u00f6nlichen Daten sehr ernst. Wir behandeln Ihre personenbezogenen Daten vertraulich und entsprechend der gesetzlichen Datenschutzvorschriften sowie dieser Datenschutzerkl\u00e4rung. Die Nutzung unserer Website ist in der Regel ohne Angabe personenbezogener Daten m\u00f6glich. Soweit auf unseren Seiten personenbezogene Daten (beispielsweise Name, Anschrift oder E-Mail-Adressen) erhoben werden, erfolgt dies, soweit m\u00f6glich, stets auf freiwilliger Basis. Diese Daten werden ohne Ihre ausdr\u00fcckliche Zustimmung nicht an Dritte weitergegeben. Wir weisen darauf hin, dass die Daten\u00fcbertragung im Internet (z.B. bei der Kommunikation per E-Mail) Sicherheitsl\u00fccken aufweisen kann. Ein l\u00fcckenloser Schutz der Daten vor dem Zugriff durch Dritte ist nicht m\u00f6glich. \u00dcber die bei einem Aufruf unserer Seiten erhobenen Daten wollen wir Sie hier informieren: &nbsp; Cookies Die Internetseiten verwenden teilweise so genannte Cookies. Cookies richten auf Ihrem Rechner keinen Schaden an und enthalten keine Viren. Cookies dienen dazu, unser Angebot nutzerfreundlicher, effektiver und sicherer zu machen. Cookies sind kleine Textdateien, die auf Ihrem Rechner abgelegt werden und die Ihr Browser speichert. Die meisten der von uns verwendeten Cookies sind so genannte \u201eSession-Cookies\u201c. Sie werden nach Ende Ihres Besuchs automatisch gel\u00f6scht. Andere Cookies bleiben auf Ihrem Endger\u00e4t gespeichert, bis Sie diese l\u00f6schen. Diese Cookies [&hellip;]<\/p>\n","protected":false},"author":1,"featured_media":0,"parent":0,"menu_order":0,"comment_status":"closed","ping_status":"closed","template":"homepage.php","meta":{"footnotes":""},"class_list":["post-154","page","type-page","status-publish","hentry"],"_links":{"self":[{"href":"https:\/\/brillant-optik.com\/index.php?rest_route=\/wp\/v2\/pages\/154","targetHints":{"allow":["GET"]}}],"collection":[{"href":"https:\/\/brillant-optik.com\/index.php?rest_route=\/wp\/v2\/pages"}],"about":[{"href":"https:\/\/brillant-optik.com\/index.php?rest_route=\/wp\/v2\/types\/page"}],"author":[{"embeddable":true,"href":"https:\/\/brillant-optik.com\/index.php?rest_route=\/wp\/v2\/users\/1"}],"replies":[{"embeddable":true,"href":"https:\/\/brillant-optik.com\/index.php?rest_route=%2Fwp%2Fv2%2Fcomments&post=154"}],"version-history":[{"count":6,"href":"https:\/\/brillant-optik.com\/index.php?rest_route=\/wp\/v2\/pages\/154\/revisions"}],"predecessor-version":[{"id":177,"href":"https:\/\/brillant-optik.com\/index.php?rest_route=\/wp\/v2\/pages\/154\/revisions\/177"}],"wp:attachment":[{"href":"https:\/\/brillant-optik.com\/index.php?rest_route=%2Fwp%2Fv2%2Fmedia&parent=154"}],"curies":[{"name":"wp","href":"https:\/\/api.w.org\/{rel}","templated":true}]}}